{"id":331,"date":"2010-12-06T20:32:00","date_gmt":"2010-12-06T18:32:00","guid":{"rendered":"http:\/\/www.cdbmazuqueca.com\/?page_id=331"},"modified":"2019-10-14T18:19:01","modified_gmt":"2019-10-14T18:19:01","slug":"saludo-de-la-directiva","status":"publish","type":"page","link":"http:\/\/www.cdbmazuqueca.com\/?page_id=331","title":{"rendered":"Club Deportivo Balonmano Azuqueca"},"content":{"rendered":"<p style=\"text-align: justify;\">\u00a0\u00a0\u00a0\u00a0\u00a0\u00a0\u00a0\u00a0\u00a0\u00a0\u00a0 El Club Deportivo Balonmano Azuqueca se cre\u00f3 en 2010 con el objetivo de fomentar y dar cabida a la pr\u00e1ctica de este gran deporte en nuestra localidad. Formado a partir de un grupo de personas j\u00f3venes y con mucha ilusi\u00f3n, antiguos jugadores de balonmano azudenses, nuestro club pretende dar salida a todos los jugadores locales actualmente en categor\u00eda senior,\u00a0y adem\u00e1s ser un punto de referencia para todo chicos y chicas del deporte base del balonmano en Azuqueca.<br \/>\nCon mucha humildad y con muchas esperanzas puestas en el futuro, despu\u00e9s de hacernos un hueco en la gran familia del deporte azudense, queremos afianzarnos como un gran club consiguiendo grandes logros, tanto deportivos como humanos. Para ello trabajamos intensamente en colaboraci\u00f3n con las escuelas de deporte en edad escolar, y a la vez con nuestros jugadores y jugadoras para mejorar d\u00eda a d\u00eda en todos los \u00e1mbitos.<br \/>\nSi quieres formar parte de este gran grupo humano como jugador, o como parte de la organizaci\u00f3n en cualquier aspecto, no dudes en ponerte en contacto con nosotros a trav\u00e9s de nuestra direcci\u00f3n de correo electr\u00f3nico, nuestra direcci\u00f3n de facebook, o nuestra secci\u00f3n de contacto, y estaremos encantados de contar con m\u00e1s ayuda para este gran proyecto.<\/p>\n<p>\u00a0Gema Paredes \u00a0 \u00a0 \u00a0 \u00a0 \u00a0 \u00a0Julia Miguel \u00a0 \u00a0 \u00a0 \u00a0 \u00a0 \u00a0Alberto Miguel\u00a0\u00a0\u00a0\u00a0\u00a0\u00a0\u00a0\u00a0 Juan Pedro Gonz\u00e1lez<\/p>\n<p>&nbsp;<\/p>\n<p>Junta directiva del C.D.BM.Azuqueca<\/p>\n","protected":false},"excerpt":{"rendered":"<p>\u00a0\u00a0\u00a0\u00a0\u00a0\u00a0\u00a0\u00a0\u00a0\u00a0\u00a0 El Club Deportivo Balonmano Azuqueca se cre\u00f3 en 2010 con el objetivo de fomentar y dar cabida a la pr\u00e1ctica de este gran deporte en nuestra localidad. Formado a partir de un grupo de personas j\u00f3venes y con mucha ilusi\u00f3n, antiguos jugadores de balonmano azudenses, nuestro club pretende dar salida a todos los jugadores &hellip; <\/p>\n<p><a class=\"more-link btn\" href=\"http:\/\/www.cdbmazuqueca.com\/?page_id=331\">Seguir leyendo<\/a><\/p>\n","protected":false},"author":1,"featured_media":0,"parent":0,"menu_order":0,"comment_status":"closed","ping_status":"open","template":"","meta":{"footnotes":""},"_links":{"self":[{"href":"http:\/\/www.cdbmazuqueca.com\/index.php?rest_route=\/wp\/v2\/pages\/331"}],"collection":[{"href":"http:\/\/www.cdbmazuqueca.com\/index.php?rest_route=\/wp\/v2\/pages"}],"about":[{"href":"http:\/\/www.cdbmazuqueca.com\/index.php?rest_route=\/wp\/v2\/types\/page"}],"author":[{"embeddable":true,"href":"http:\/\/www.cdbmazuqueca.com\/index.php?rest_route=\/wp\/v2\/users\/1"}],"replies":[{"embeddable":true,"href":"http:\/\/www.cdbmazuqueca.com\/index.php?rest_route=%2Fwp%2Fv2%2Fcomments&post=331"}],"version-history":[{"count":8,"href":"http:\/\/www.cdbmazuqueca.com\/index.php?rest_route=\/wp\/v2\/pages\/331\/revisions"}],"predecessor-version":[{"id":2605,"href":"http:\/\/www.cdbmazuqueca.com\/index.php?rest_route=\/wp\/v2\/pages\/331\/revisions\/2605"}],"wp:attachment":[{"href":"http:\/\/www.cdbmazuqueca.com\/index.php?rest_route=%2Fwp%2Fv2%2Fmedia&parent=331"}],"curies":[{"name":"wp","href":"https:\/\/api.w.org\/{rel}","templated":true}]}}